{"id":87045,"date":"2021-06-23T16:37:28","date_gmt":"2021-06-23T16:37:28","guid":{"rendered":"https:\/\/nova.dev-novaconcept.com\/virtual-reality\/"},"modified":"2022-12-15T15:51:30","modified_gmt":"2022-12-15T20:51:30","slug":"virtual-reality","status":"publish","type":"page","link":"https:\/\/www.novaconcept.com\/en\/virtual-reality\/","title":{"rendered":"Virtual reality"},"content":{"rendered":"<p>[vc_row row_height_percent=&#8221;0&#8243; override_padding=&#8221;yes&#8221; h_padding=&#8221;2&#8243; top_padding=&#8221;0&#8243; bottom_padding=&#8221;0&#8243; overlay_alpha=&#8221;50&#8243; gutter_size=&#8221;3&#8243; column_width_percent=&#8221;100&#8243; shift_y=&#8221;0&#8243; z_index=&#8221;0&#8243; css=&#8221;.vc_custom_1621960651419{padding-top: 50px !important;}&#8221; el_id=&#8221;#anchor&#8221;][vc_column column_width_percent=&#8221;100&#8243; gutter_size=&#8221;3&#8243; override_padding=&#8221;yes&#8221; column_padding=&#8221;0&#8243; overlay_alpha=&#8221;50&#8243; shift_x=&#8221;0&#8243; shift_y=&#8221;0&#8243; shift_y_down=&#8221;0&#8243; z_index=&#8221;0&#8243; medium_visibility=&#8221;yes&#8221; align_medium=&#8221;align_right_tablet&#8221; medium_width=&#8221;7&#8243; mobile_visibility=&#8221;yes&#8221; align_mobile=&#8221;align_right_mobile&#8221; mobile_width=&#8221;7&#8243; width=&#8221;1\/6&#8243;][\/vc_column][vc_column width=&#8221;10\/12&#8243;][vc_column_text uncode_shortcode_id=&#8221;201400&#8243;]<\/p>\n<h3 style=\"text-align: center; color: #faa619; border: 1px solid #FAA619; padding: 15px; font-family: roboto; font-weight: normal; width: 250px;\">E-learning Services<\/h3>\n<p>[\/vc_column_text][vc_column_text uncode_shortcode_id=&#8221;207222&#8243;]<\/p>\n<h1><strong>Use Immersive Virtual Reality<\/strong><span class=\"titre\"> FOR YOUR E\u2011LEARNING COURSES!<\/span><\/h1>\n<p>[\/vc_column_text][\/vc_column][\/vc_row][vc_row row_height_percent=&#8221;0&#8243; override_padding=&#8221;yes&#8221; h_padding=&#8221;2&#8243; top_padding=&#8221;2&#8243; bottom_padding=&#8221;0&#8243; overlay_alpha=&#8221;50&#8243; gutter_size=&#8221;3&#8243; column_width_percent=&#8221;100&#8243; shift_y=&#8221;0&#8243; z_index=&#8221;0&#8243; desktop_visibility=&#8221;yes&#8221; uncode_shortcode_id=&#8221;203771&#8243;][vc_column column_width_percent=&#8221;100&#8243; gutter_size=&#8221;3&#8243; override_padding=&#8221;yes&#8221; column_padding=&#8221;0&#8243; overlay_alpha=&#8221;50&#8243; shift_x=&#8221;0&#8243; shift_y=&#8221;0&#8243; shift_y_down=&#8221;0&#8243; z_index=&#8221;0&#8243; desktop_visibility=&#8221;yes&#8221; align_medium=&#8221;align_right_tablet&#8221; medium_width=&#8221;4&#8243; align_mobile=&#8221;align_right_mobile&#8221; mobile_width=&#8221;4&#8243; width=&#8221;1\/1&#8243;][vc_column_text css=&#8221;.vc_custom_1629209477068{margin-bottom: -20px !important;padding-top: 6px !important;}&#8221; uncode_shortcode_id=&#8221;466948&#8243;]<\/p>\n<h5 style=\"color: #faa619; font-size: 20px; font-family: roboto; text-align: left;\">Immersive<br \/>\ntraining<\/h5>\n<p>[\/vc_column_text][vc_single_image media=&#8221;86805&#8243; media_width_use_pixel=&#8221;yes&#8221; uncode_shortcode_id=&#8221;209939&#8243; media_width_pixel=&#8221;75&#8243;][\/vc_column][\/vc_row][vc_row row_height_percent=&#8221;0&#8243; override_padding=&#8221;yes&#8221; h_padding=&#8221;2&#8243; top_padding=&#8221;2&#8243; bottom_padding=&#8221;2&#8243; overlay_alpha=&#8221;50&#8243; gutter_size=&#8221;3&#8243; column_width_percent=&#8221;100&#8243; shift_y=&#8221;0&#8243; z_index=&#8221;0&#8243; uncode_shortcode_id=&#8221;156038&#8243;][vc_column column_width_percent=&#8221;70&#8243; align_horizontal=&#8221;align_right&#8221; gutter_size=&#8221;3&#8243; override_padding=&#8221;yes&#8221; column_padding=&#8221;0&#8243; overlay_alpha=&#8221;50&#8243; shift_x=&#8221;0&#8243; shift_y=&#8221;0&#8243; shift_y_down=&#8221;0&#8243; z_index=&#8221;0&#8243; medium_visibility=&#8221;yes&#8221; align_medium=&#8221;align_right_tablet&#8221; medium_width=&#8221;7&#8243; mobile_visibility=&#8221;yes&#8221; align_mobile=&#8221;align_right_mobile&#8221; mobile_width=&#8221;7&#8243; width=&#8221;1\/6&#8243;][vc_column_text css=&#8221;.vc_custom_1631043775585{margin-bottom: -20px !important;padding-top: 6px !important;}&#8221; uncode_shortcode_id=&#8221;858718&#8243;]<\/p>\n<h5 style=\"text-align: right; color: #faa619; font-size: 18px; font-family: roboto;\">Immersive<br \/>\ntraining<\/h5>\n<p><img decoding=\"async\" class=\"alignright wp-image-86902\" src=\"https:\/\/www.novaconcept.com\/wp-content\/uploads\/2021\/06\/realite-virtuelle-blanc2.gif\" alt=\"Ic\u00f4ne R\u00e9alit\u00e9 virtuelle\" width=\"60\" height=\"85\" title=\"\">[\/vc_column_text][\/vc_column][vc_column width=&#8221;1\/12&#8243;][\/vc_column][vc_column column_width_percent=&#8221;100&#8243; position_horizontal=&#8221;left&#8221; gutter_size=&#8221;2&#8243; overlay_alpha=&#8221;50&#8243; shift_x=&#8221;0&#8243; shift_y=&#8221;0&#8243; shift_y_down=&#8221;0&#8243; z_index=&#8221;0&#8243; medium_width=&#8221;0&#8243; mobile_width=&#8221;0&#8243; width=&#8221;8\/12&#8243;][vc_column_text el_class=&#8221;.roboto-regular&#8221; uncode_shortcode_id=&#8221;155770&#8243;]Who hasn\u2019t dreamed of training in <strong>an immersive environment that almost perfectly recreates a lifelike work environment?<\/strong> Or role play in an imaginary setting in which you could interact with the elements or avatars around you? We are now able to design virtual reality environments in which the learner is called upon to replicate behaviours or perform actions that mimic reality and that boost learning retention.<\/p>\n<p><strong>These immersive solutions are varied and have the advantage of meeting different training needs.<\/strong> Whether it\u2019s to learn how to fight a fire or to explore a factory without putting yourself in danger, virtual reality allows us to dive in a world where everything is possible, where mistakes have no real-life repercussions, where we can practise and start over as much as it takes to get it right.<\/p>\n<p>Virtual reality is a technology that is slowly making its way into the training world, and Novaconcept is your partner of choice for exploring this innovative solution.[\/vc_column_text][\/vc_column][vc_column width=&#8221;1\/12&#8243;][\/vc_column][\/vc_row][vc_section overlay_alpha=&#8221;50&#8243;][vc_row unlock_row_content=&#8221;yes&#8221; row_height_percent=&#8221;50&#8243; override_padding=&#8221;yes&#8221; h_padding=&#8221;0&#8243; top_padding=&#8221;0&#8243; bottom_padding=&#8221;0&#8243; back_color=&#8221;color-gyho&#8221; overlay_alpha=&#8221;50&#8243; equal_height=&#8221;yes&#8221; gutter_size=&#8221;0&#8243; column_width_percent=&#8221;100&#8243; shift_y=&#8221;0&#8243; z_index=&#8221;0&#8243;][vc_column column_width_percent=&#8221;100&#8243; position_vertical=&#8221;middle&#8221; gutter_size=&#8221;0&#8243; override_padding=&#8221;yes&#8221; column_padding=&#8221;0&#8243; expand_height=&#8221;yes&#8221; back_image=&#8221;88582&#8243; overlay_alpha=&#8221;25&#8243; shift_x=&#8221;0&#8243; shift_y=&#8221;0&#8243; shift_y_down=&#8221;0&#8243; z_index=&#8221;0&#8243; medium_width=&#8221;0&#8243; mobile_width=&#8221;7&#8243; width=&#8221;1\/2&#8243; link_to=&#8221;|||&#8221; mobile_height=&#8221;400&#8243; uncode_shortcode_id=&#8221;155980&#8243;][\/vc_column][vc_column column_width_percent=&#8221;100&#8243; position_vertical=&#8221;middle&#8221; gutter_size=&#8221;0&#8243; override_padding=&#8221;yes&#8221; column_padding=&#8221;4&#8243; style=&#8221;dark&#8221; overlay_alpha=&#8221;50&#8243; shift_x=&#8221;0&#8243; shift_y=&#8221;0&#8243; shift_y_down=&#8221;0&#8243; z_index=&#8221;0&#8243; medium_width=&#8221;0&#8243; mobile_width=&#8221;0&#8243; width=&#8221;1\/2&#8243; mobile_height=&#8221;300&#8243;][vc_column_text text_color=&#8221;color-xsdn&#8221; el_class=&#8221;.roboto-regular&#8221; uncode_shortcode_id=&#8221;200850&#8243; text_color_type=&#8221;uncode-palette&#8221;]<span style=\"color: #ffffff;\">Project developed on behalf of our client, this short simulation offers the learner an immersive experience at the heart of a very real situation. Following a well-established sales and customer experience process, the participant must support the client in their purchases by answering questions and providing them with the best advice. A complete report follows this activity, covering each of the important points of the sales cycle. This capsule can be used with VR glasses, on a mobile device or on a desktop computer.<\/span>[\/vc_column_text][\/vc_column][\/vc_row][\/vc_section][vc_row][vc_column width=&#8221;1\/1&#8243;][uncode_block id=&#8221;89811&#8243;][\/vc_column][\/vc_row][vc_row row_height_percent=&#8221;0&#8243; back_color=&#8221;color-prif&#8221; overlay_alpha=&#8221;50&#8243; gutter_size=&#8221;0&#8243; column_width_percent=&#8221;100&#8243; shift_y=&#8221;0&#8243; z_index=&#8221;0&#8243;][vc_column column_width_percent=&#8221;100&#8243; align_horizontal=&#8221;align_center&#8221; gutter_size=&#8221;2&#8243; style=&#8221;dark&#8221; overlay_alpha=&#8221;50&#8243; shift_x=&#8221;0&#8243; shift_y=&#8221;0&#8243; shift_y_down=&#8221;0&#8243; z_index=&#8221;0&#8243; medium_width=&#8221;0&#8243; mobile_width=&#8221;0&#8243; width=&#8221;1\/1&#8243;][vc_custom_heading text_color=&#8221;color-139987&#8243; heading_semantic=&#8221;div&#8221; text_font=&#8221;font-666666&#8243; text_size=&#8221;fontsize-136259&#8243; text_weight=&#8221;400&#8243; text_transform=&#8221;uppercase&#8221; el_class=&#8221;.page_suivante&#8221; uncode_shortcode_id=&#8221;173535&#8243; text_color_type=&#8221;uncode-palette&#8221;]<a class=\"page_suivante\" href=\"https:\/\/www.novaconcept.com\/en\/serious-game\/\">NEXT PAGE<\/a>[\/vc_custom_heading][vc_button button_color=&#8221;color-gyho&#8221; size=&#8221;link&#8221; btn_link_size=&#8221;h4&#8243; border_width=&#8221;0&#8243; link=&#8221;url:http%3A%2F%2Fwp225906.wpdns.ca%2Fen%2Fserious-game%2F|title:Serious%20Game|&#8221; el_class=&#8221;link-bas&#8221; button_color_type=&#8221;uncode-palette&#8221; uncode_shortcode_id=&#8221;134248&#8243;]Serious Game \/ Gamification[\/vc_button][vc_empty_space empty_h=&#8221;1&#8243;][\/vc_column][\/vc_row]<\/p>\n","protected":false},"excerpt":{"rendered":"<p>[vc_row row_height_percent=&#8221;0&#8243; override_padding=&#8221;yes&#8221; h_padding=&#8221;2&#8243; top_padding=&#8221;0&#8243; bottom_padding=&#8221;0&#8243; overlay_alpha=&#8221;50&#8243; gutter_size=&#8221;3&#8243; column_width_percent=&#8221;100&#8243; shift_y=&#8221;0&#8243; z_index=&#8221;0&#8243; css=&#8221;.vc_custom_1621960651419{padding-top: 50px !important;}&#8221; el_id=&#8221;#anchor&#8221;][vc_column column_width_percent=&#8221;100&#8243; gutter_size=&#8221;3&#8243; override_padding=&#8221;yes&#8221; column_padding=&#8221;0&#8243; overlay_alpha=&#8221;50&#8243; [&hellip;]<\/p>\n","protected":false},"author":1,"featured_media":0,"parent":0,"menu_order":0,"comment_status":"closed","ping_status":"closed","template":"","meta":{"footnotes":""},"_links":{"self":[{"href":"https:\/\/www.novaconcept.com\/en\/wp-json\/wp\/v2\/pages\/87045"}],"collection":[{"href":"https:\/\/www.novaconcept.com\/en\/wp-json\/wp\/v2\/pages"}],"about":[{"href":"https:\/\/www.novaconcept.com\/en\/wp-json\/wp\/v2\/types\/page"}],"author":[{"embeddable":true,"href":"https:\/\/www.novaconcept.com\/en\/wp-json\/wp\/v2\/users\/1"}],"replies":[{"embeddable":true,"href":"https:\/\/www.novaconcept.com\/en\/wp-json\/wp\/v2\/comments?post=87045"}],"version-history":[{"count":46,"href":"https:\/\/www.novaconcept.com\/en\/wp-json\/wp\/v2\/pages\/87045\/revisions"}],"predecessor-version":[{"id":92208,"href":"https:\/\/www.novaconcept.com\/en\/wp-json\/wp\/v2\/pages\/87045\/revisions\/92208"}],"wp:attachment":[{"href":"https:\/\/www.novaconcept.com\/en\/wp-json\/wp\/v2\/media?parent=87045"}],"curies":[{"name":"wp","href":"https:\/\/api.w.org\/{rel}","templated":true}]}}