{"id":87042,"date":"2021-06-23T16:29:57","date_gmt":"2021-06-23T16:29:57","guid":{"rendered":"https:\/\/nova.dev-novaconcept.com\/augmented-reality\/"},"modified":"2022-10-18T12:59:52","modified_gmt":"2022-10-18T16:59:52","slug":"augmented-reality","status":"publish","type":"page","link":"https:\/\/www.novaconcept.com\/en\/augmented-reality\/","title":{"rendered":"Augmented reality"},"content":{"rendered":"<p>[vc_row row_height_percent=&#8221;0&#8243; override_padding=&#8221;yes&#8221; h_padding=&#8221;2&#8243; top_padding=&#8221;0&#8243; bottom_padding=&#8221;0&#8243; overlay_alpha=&#8221;50&#8243; gutter_size=&#8221;3&#8243; column_width_percent=&#8221;100&#8243; shift_y=&#8221;0&#8243; z_index=&#8221;0&#8243; css=&#8221;.vc_custom_1621960651419{padding-top: 50px !important;}&#8221; el_id=&#8221;#anchor&#8221;][vc_column column_width_percent=&#8221;100&#8243; gutter_size=&#8221;3&#8243; override_padding=&#8221;yes&#8221; column_padding=&#8221;0&#8243; overlay_alpha=&#8221;50&#8243; shift_x=&#8221;0&#8243; shift_y=&#8221;0&#8243; shift_y_down=&#8221;0&#8243; z_index=&#8221;0&#8243; medium_visibility=&#8221;yes&#8221; align_medium=&#8221;align_right_tablet&#8221; medium_width=&#8221;7&#8243; mobile_visibility=&#8221;yes&#8221; align_mobile=&#8221;align_right_mobile&#8221; mobile_width=&#8221;7&#8243; width=&#8221;1\/6&#8243;][\/vc_column][vc_column width=&#8221;10\/12&#8243;][vc_column_text uncode_shortcode_id=&#8221;166635&#8243;]<\/p>\n<h3 style=\"text-align: center; color: #faa619; border: 1px solid #FAA619; padding: 15px; font-family: roboto; font-weight: normal; width: 250px;\">E-learning Services<\/h3>\n<p>[\/vc_column_text][vc_column_text uncode_shortcode_id=&#8221;197378&#8243;]<\/p>\n<h1><strong>Augmented Reality <\/strong><span class=\"titre\"> FOR INNOVATIVE AND CREATIVE E&#8209;LEARNING<\/span><\/h1>\n<p>[\/vc_column_text][\/vc_column][\/vc_row][vc_row row_height_percent=&#8221;0&#8243; override_padding=&#8221;yes&#8221; h_padding=&#8221;2&#8243; top_padding=&#8221;2&#8243; bottom_padding=&#8221;0&#8243; overlay_alpha=&#8221;50&#8243; gutter_size=&#8221;3&#8243; column_width_percent=&#8221;100&#8243; shift_y=&#8221;0&#8243; z_index=&#8221;0&#8243; desktop_visibility=&#8221;yes&#8221; uncode_shortcode_id=&#8221;664921&#8243;][vc_column column_width_percent=&#8221;100&#8243; gutter_size=&#8221;3&#8243; override_padding=&#8221;yes&#8221; column_padding=&#8221;0&#8243; overlay_alpha=&#8221;50&#8243; shift_x=&#8221;0&#8243; shift_y=&#8221;0&#8243; shift_y_down=&#8221;0&#8243; z_index=&#8221;0&#8243; desktop_visibility=&#8221;yes&#8221; align_medium=&#8221;align_right_tablet&#8221; medium_width=&#8221;4&#8243; align_mobile=&#8221;align_right_mobile&#8221; mobile_width=&#8221;4&#8243; width=&#8221;1\/1&#8243;][vc_column_text css=&#8221;.vc_custom_1629209250917{margin-bottom: -20px !important;padding-top: 6px !important;}&#8221; uncode_shortcode_id=&#8221;200161&#8243;]<\/p>\n<h5 style=\"color: #faa619; font-size: 20px; font-family: roboto; text-align: left;\"><span class=\"TextRun SCXW142189178 BCX9\" lang=\"FR-CA\" xml:lang=\"FR-CA\" data-contrast=\"auto\"><span class=\"NormalTextRun SCXW142189178 BCX9\">See training<br \/>\n<\/span><span class=\"NormalTextRun SCXW142189178 BCX9\">differently<br \/>\n<\/span><\/span><\/h5>\n<p>[\/vc_column_text][vc_single_image media=&#8221;86802&#8243; media_width_use_pixel=&#8221;yes&#8221; uncode_shortcode_id=&#8221;474011&#8243; media_width_pixel=&#8221;75&#8243;][\/vc_column][\/vc_row][vc_row row_height_percent=&#8221;0&#8243; override_padding=&#8221;yes&#8221; h_padding=&#8221;2&#8243; top_padding=&#8221;2&#8243; bottom_padding=&#8221;1&#8243; overlay_alpha=&#8221;50&#8243; gutter_size=&#8221;3&#8243; column_width_percent=&#8221;100&#8243; shift_y=&#8221;0&#8243; z_index=&#8221;0&#8243;][vc_column column_width_percent=&#8221;100&#8243; gutter_size=&#8221;3&#8243; override_padding=&#8221;yes&#8221; column_padding=&#8221;0&#8243; overlay_alpha=&#8221;50&#8243; shift_x=&#8221;0&#8243; shift_y=&#8221;0&#8243; shift_y_down=&#8221;0&#8243; z_index=&#8221;0&#8243; medium_visibility=&#8221;yes&#8221; align_medium=&#8221;align_right_tablet&#8221; medium_width=&#8221;7&#8243; mobile_visibility=&#8221;yes&#8221; align_mobile=&#8221;align_right_mobile&#8221; mobile_width=&#8221;7&#8243; width=&#8221;1\/6&#8243;][vc_column_text css=&#8221;.vc_custom_1631043559347{margin-bottom: -40px !important;padding-top: 6px !important;}&#8221; uncode_shortcode_id=&#8221;160069&#8243;]<\/p>\n<h5 style=\"text-align: right; color: #faa619; font-size: 18px; font-family: roboto;\"><span class=\"TextRun SCXW142189178 BCX9\" lang=\"FR-CA\" xml:lang=\"FR-CA\" data-contrast=\"auto\"><span class=\"NormalTextRun SCXW142189178 BCX9\">See training<br \/>\n<\/span><span class=\"NormalTextRun SCXW142189178 BCX9\">differently<br \/>\n<\/span><\/span><\/h5>\n<p><img decoding=\"async\" class=\"alignright wp-image-86903\" src=\"https:\/\/www.novaconcept.com\/wp-content\/uploads\/2021\/06\/realite-augmentee-blanc2.gif\" alt=\"R\u00e9alit\u00e9 augment\u00e9e\" width=\"90\" height=\"113\" title=\"\">[\/vc_column_text][\/vc_column][vc_column width=&#8221;1\/12&#8243;][\/vc_column][vc_column column_width_percent=&#8221;100&#8243; position_horizontal=&#8221;left&#8221; gutter_size=&#8221;2&#8243; overlay_alpha=&#8221;50&#8243; shift_x=&#8221;0&#8243; shift_y=&#8221;0&#8243; shift_y_down=&#8221;0&#8243; z_index=&#8221;0&#8243; medium_width=&#8221;0&#8243; mobile_width=&#8221;0&#8243; width=&#8221;3\/4&#8243;][vc_column_text el_class=&#8221;.roboto-regular&#8221; uncode_shortcode_id=&#8221;779449&#8243;]Augmented reality is slowly making its place in the world of skills development and learning, and we are taking the initiative to explore its multiple possibilities of applications in our training courses.<\/p>\n<p>For example, our team integrated this technology into a project developed for Radio\u2011Canada\u00a0\/\u00a0CBC.[\/vc_column_text][\/vc_column][\/vc_row][vc_section overlay_alpha=&#8221;50&#8243;][vc_row unlock_row_content=&#8221;yes&#8221; row_height_percent=&#8221;35&#8243; override_padding=&#8221;yes&#8221; h_padding=&#8221;0&#8243; top_padding=&#8221;2&#8243; bottom_padding=&#8221;1&#8243; overlay_alpha=&#8221;50&#8243; gutter_size=&#8221;0&#8243; column_width_percent=&#8221;100&#8243; shift_y=&#8221;0&#8243; z_index=&#8221;0&#8243;][vc_column column_width_percent=&#8221;100&#8243; gutter_size=&#8221;0&#8243; override_padding=&#8221;yes&#8221; column_padding=&#8221;0&#8243; overlay_alpha=&#8221;50&#8243; shift_x=&#8221;0&#8243; shift_y=&#8221;0&#8243; shift_y_down=&#8221;0&#8243; z_index=&#8221;0&#8243; medium_width=&#8221;0&#8243; mobile_width=&#8221;0&#8243; width=&#8221;1\/1&#8243;][vc_gallery el_id=&#8221;gallery-136261&#8243; type=&#8221;carousel&#8221; medias=&#8221;86468,86469,86470,86471&#8243; carousel_lg=&#8221;4&#8243; carousel_md=&#8221;2&#8243; carousel_sm=&#8221;1&#8243; gutter_size=&#8221;0&#8243; media_items=&#8221;media|lightbox|original&#8221; carousel_interval=&#8221;3000&#8243; carousel_navspeed=&#8221;400&#8243; carousel_dots=&#8221;yes&#8221; carousel_dots_mobile=&#8221;yes&#8221; stage_padding=&#8221;0&#8243; single_overlay_opacity=&#8221;1&#8243; single_padding=&#8221;2&#8243; single_border=&#8221;yes&#8221; items=&#8221;e30=&#8221;][\/vc_column][\/vc_row][\/vc_section][vc_section back_color=&#8221;color-gyho&#8221; overlay_alpha=&#8221;50&#8243;][vc_row unlock_row_content=&#8221;yes&#8221; row_height_percent=&#8221;50&#8243; override_padding=&#8221;yes&#8221; h_padding=&#8221;0&#8243; top_padding=&#8221;0&#8243; bottom_padding=&#8221;0&#8243; overlay_alpha=&#8221;50&#8243; equal_height=&#8221;yes&#8221; gutter_size=&#8221;3&#8243; column_width_percent=&#8221;100&#8243; shift_y=&#8221;0&#8243; z_index=&#8221;0&#8243;][vc_column column_width_percent=&#8221;100&#8243; position_vertical=&#8221;middle&#8221; gutter_size=&#8221;3&#8243; override_padding=&#8221;yes&#8221; column_padding=&#8221;4&#8243; overlay_alpha=&#8221;50&#8243; shift_x=&#8221;0&#8243; shift_y=&#8221;0&#8243; shift_y_down=&#8221;0&#8243; z_index=&#8221;0&#8243; medium_width=&#8221;0&#8243; mobile_width=&#8221;0&#8243; width=&#8221;1\/2&#8243;][vc_column_text text_color=&#8221;color-xsdn&#8221; el_class=&#8221;.roboto-regular&#8221; uncode_shortcode_id=&#8221;343852&#8243; text_color_type=&#8221;uncode-palette&#8221;]Using a smartphone or tablet, the editing keyboard is picked up by the device\u2019s camera and then becomes interactive. It is then possible to explore the functions of each key by navigating on the interface superimposed on the image of the keyboard.[\/vc_column_text][\/vc_column][vc_column column_width_percent=&#8221;100&#8243; gutter_size=&#8221;0&#8243; override_padding=&#8221;yes&#8221; column_padding=&#8221;0&#8243; expand_height=&#8221;yes&#8221; back_image=&#8221;88576&#8243; back_repeat=&#8221;no-repeat&#8221; back_position=&#8221;center center&#8221; overlay_alpha=&#8221;50&#8243; shift_x=&#8221;0&#8243; shift_y=&#8221;0&#8243; shift_y_down=&#8221;0&#8243; z_index=&#8221;0&#8243; medium_width=&#8221;0&#8243; mobile_width=&#8221;0&#8243; width=&#8221;1\/2&#8243; mobile_height=&#8221;300&#8243; uncode_shortcode_id=&#8221;988956&#8243;][\/vc_column][\/vc_row][\/vc_section][vc_row unlock_row_content=&#8221;yes&#8221; row_height_percent=&#8221;0&#8243; override_padding=&#8221;yes&#8221; h_padding=&#8221;5&#8243; top_padding=&#8221;3&#8243; bottom_padding=&#8221;3&#8243; back_color=&#8221;accent&#8221; overlay_color=&#8221;accent&#8221; overlay_alpha=&#8221;93&#8243; gutter_size=&#8221;0&#8243; column_width_percent=&#8221;100&#8243; shift_y=&#8221;0&#8243; z_index=&#8221;0&#8243; uncode_shortcode_id=&#8221;473470&#8243; back_color_type=&#8221;uncode-palette&#8221; overlay_color_type=&#8221;uncode-palette&#8221; shape_dividers=&#8221;&#8221;][vc_column column_width_percent=&#8221;100&#8243; position_horizontal=&#8221;left&#8221; gutter_size=&#8221;0&#8243; style=&#8221;dark&#8221; overlay_alpha=&#8221;50&#8243; shift_x=&#8221;0&#8243; shift_y=&#8221;0&#8243; shift_y_down=&#8221;0&#8243; z_index=&#8221;0&#8243; medium_width=&#8221;0&#8243; mobile_width=&#8221;0&#8243; width=&#8221;1\/1&#8243; uncode_shortcode_id=&#8221;118047&#8243;][vc_custom_heading text_color=&#8221;color-xsdn&#8221; heading_semantic=&#8221;p&#8221; text_size=&#8221;&#8221; uncode_shortcode_id=&#8221;729871&#8243; text_color_type=&#8221;uncode-palette&#8221; el_class=&#8221;.mobile_pragraphe&#8221;]<\/p>\n<p style=\"text-align: center;\"><span class=\"mobile_paragraphe\">Augmented reality facilitates \u201con\u2011the\u2011job\u201d learning thanks to the instantaneous contribution of knowledge related to the task. We are convinced of the educational benefits of this contextualized approach.<\/span><\/p>\n<p>[\/vc_custom_heading][\/vc_column][\/vc_row][vc_row][vc_column width=&#8221;1\/1&#8243;][uncode_block id=&#8221;89811&#8243;][\/vc_column][\/vc_row][vc_section][vc_row row_height_percent=&#8221;0&#8243; back_color=&#8221;color-prif&#8221; overlay_alpha=&#8221;50&#8243; gutter_size=&#8221;0&#8243; column_width_percent=&#8221;100&#8243; shift_y=&#8221;0&#8243; z_index=&#8221;0&#8243;][vc_column column_width_percent=&#8221;100&#8243; align_horizontal=&#8221;align_center&#8221; gutter_size=&#8221;2&#8243; style=&#8221;dark&#8221; overlay_alpha=&#8221;50&#8243; shift_x=&#8221;0&#8243; shift_y=&#8221;0&#8243; shift_y_down=&#8221;0&#8243; z_index=&#8221;0&#8243; medium_width=&#8221;0&#8243; mobile_width=&#8221;0&#8243; width=&#8221;1\/1&#8243;][vc_custom_heading text_color=&#8221;color-139987&#8243; heading_semantic=&#8221;div&#8221; text_font=&#8221;font-666666&#8243; text_size=&#8221;fontsize-136259&#8243; text_weight=&#8221;400&#8243; text_transform=&#8221;uppercase&#8221; el_class=&#8221;.page_suivante&#8221;]<a class=\"page_suivante\" href=\"\/en\/virtual-reality\/\">NEXT PAGE<\/a>[\/vc_custom_heading][vc_button button_color=&#8221;color-gyho&#8221; size=&#8221;link&#8221; btn_link_size=&#8221;h4&#8243; border_width=&#8221;0&#8243; link=&#8221;url:http%3A%2F%2Fwp225906.wpdns.ca%2Fen%2Fvirtual-reality%2F|title:Virtual%20Reality|&#8221; el_class=&#8221;link-bas&#8221;]Virtual Reality[\/vc_button][vc_empty_space empty_h=&#8221;1&#8243;][\/vc_column][\/vc_row][\/vc_section]<\/p>\n","protected":false},"excerpt":{"rendered":"<p>[vc_row row_height_percent=&#8221;0&#8243; override_padding=&#8221;yes&#8221; h_padding=&#8221;2&#8243; top_padding=&#8221;0&#8243; bottom_padding=&#8221;0&#8243; overlay_alpha=&#8221;50&#8243; gutter_size=&#8221;3&#8243; column_width_percent=&#8221;100&#8243; shift_y=&#8221;0&#8243; z_index=&#8221;0&#8243; css=&#8221;.vc_custom_1621960651419{padding-top: 50px !important;}&#8221; el_id=&#8221;#anchor&#8221;][vc_column column_width_percent=&#8221;100&#8243; gutter_size=&#8221;3&#8243; override_padding=&#8221;yes&#8221; column_padding=&#8221;0&#8243; overlay_alpha=&#8221;50&#8243; [&hellip;]<\/p>\n","protected":false},"author":1,"featured_media":0,"parent":0,"menu_order":0,"comment_status":"closed","ping_status":"closed","template":"","meta":{"footnotes":""},"_links":{"self":[{"href":"https:\/\/www.novaconcept.com\/en\/wp-json\/wp\/v2\/pages\/87042"}],"collection":[{"href":"https:\/\/www.novaconcept.com\/en\/wp-json\/wp\/v2\/pages"}],"about":[{"href":"https:\/\/www.novaconcept.com\/en\/wp-json\/wp\/v2\/types\/page"}],"author":[{"embeddable":true,"href":"https:\/\/www.novaconcept.com\/en\/wp-json\/wp\/v2\/users\/1"}],"replies":[{"embeddable":true,"href":"https:\/\/www.novaconcept.com\/en\/wp-json\/wp\/v2\/comments?post=87042"}],"version-history":[{"count":61,"href":"https:\/\/www.novaconcept.com\/en\/wp-json\/wp\/v2\/pages\/87042\/revisions"}],"predecessor-version":[{"id":89873,"href":"https:\/\/www.novaconcept.com\/en\/wp-json\/wp\/v2\/pages\/87042\/revisions\/89873"}],"wp:attachment":[{"href":"https:\/\/www.novaconcept.com\/en\/wp-json\/wp\/v2\/media?parent=87042"}],"curies":[{"name":"wp","href":"https:\/\/api.w.org\/{rel}","templated":true}]}}